{"id":7505,"date":"2010-03-17T08:33:15","date_gmt":"2010-03-17T07:33:15","guid":{"rendered":"https:\/\/www.kinderwunschteam.berlin\/unsere-leistungsbereiche\/unerfuellter-kinderwunsch\/anasthesie\/"},"modified":"2018-10-31T15:49:40","modified_gmt":"2018-10-31T14:49:40","slug":"anasthesie","status":"publish","type":"page","link":"https:\/\/kwt.meiio.net\/tr\/uzun-omur\/tuep-bebek-ve-kisirlik\/tedavi\/anasthesie","title":{"rendered":"Anestezi"},"content":{"rendered":"<h2>Anestezi y\u00f6ntemleri<\/h2>\n<p>Genel anestezi sizi yar\u0131 uyur bir konuma sokar. Ba\u015fka bir deyi\u015fle, bilincinizi ve \u00f6zellikle de a\u011fr\u0131 hissinizi yok eder.<\/p>\n<p>Genellikle, anestezik madde damara enjekte edilir (intraven\u00f6z narkoz). Giri\u015fim daha uzun s\u00fcrd\u00fc\u011f\u00fc takdirde, ya yeniden anestezik ila\u00e7 ya da oksijene ilave olarak anestezik bir gaz verilir. Uyu\u015fturma, a\u011f\u0131z ve burunu kapatan (maske) ve\/veya g\u0131rtla\u011f\u0131n \u00fczerini (larenks maskesi) saran (maskeli anestezi) bir maske ile olur.<\/p>\n<p>Anestezi s\u0131ras\u0131nda ve anestzi sonras\u0131nda kan bas\u0131nc\u0131n\u0131z, nab\u0131z\u0131n\u0131z ve solunumunuz devaml\u0131 olarak takip edilerek olas\u0131 bir problem derhal tespit edilir ve tedavisine ba\u015flan\u0131r.<\/p>\n<p>Anesteziden sonra bir s\u00fcre yorgun ve uykusuz olman\u0131z do\u011fald\u0131r. Bu haliniz (anestezinin t\u00fcr\u00fcne ba\u011fl\u0131 olarak) saatler s\u00fcrse de, ortada kayg\u0131lanmay\u0131 gerektirecek bir neden yoktur. Her hastan\u0131n b\u00fcnyesi anesteziye farkl\u0131 reaksiyon verir.<\/p>\n<h2>Ameliyat g\u00fcn\u00fc<\/h2>\n<p>Ameliyat\u0131n yap\u0131laca\u011f\u0131 g\u00fcnde planlanan ameliyat saatinden \u00f6nce muayenehanede olman\u0131z gerekmektedir. Bize gelirken l\u00fctfen \u00e7ipli sigorta kart\u0131n\u0131z\u0131, ameliyat i\u00e7in evraklar\u0131n\u0131z\u0131 ve onam belgenizi beraberinizde getirin.<\/p>\n<p>Korku veya \u00e7ok b\u00fcy\u00fck bir heyecanlanma duyumsad\u0131\u011f\u0131n\u0131zda, bir yudum suyla sakinle\u015ftirici bir tablet alabilirsiniz.<\/p>\n<p>Di\u011fer formalitelerden sonra, haz\u0131rlanma ve kendine gelme odas\u0131na g\u00f6t\u00fcr\u00fcleceksiniz. Burada \u00f6zel e\u015fyalar\u0131n\u0131z\u0131 g\u00fcvenle saklayabilirsiniz.<\/p>\n<p>Elinizin \u00f6n k\u0131sm\u0131ndaki veya dirse\u011finizin i\u00e7 k\u0131sm\u0131ndaki damara plastik bir kan\u00fcl tak\u0131larak, ila\u00e7 ve s\u0131v\u0131 buradan verilir. Ameliyathanede siz ameliyat masas\u0131nda yerinizi al\u0131rs\u0131n\u0131z ve bizler sizin kalp at\u0131\u015f\u0131n\u0131z ve nefes al\u0131\u015fveri\u015finizi monit\u00f6rle takibe al\u0131r\u0131z Kolunuzun \u00fcst k\u0131sm\u0131na yerle\u015ftirilen bir man\u015fon tansiyonunuzu \u00f6l\u00e7er. Parma\u011f\u0131n\u0131za yerle\u015ftirilen bir al\u0131c\u0131 kan dola\u015f\u0131m\u0131n\u0131z\u0131 ve kandaki oksijen miktar\u0131n\u0131 takip eder. Kalp at\u0131\u015f\u0131n\u0131z\u0131 g\u00f6zlemleyebilmek i\u00e7in g\u00f6\u011fs\u00fcn\u00fcze gerekti\u011finde \u00fc\u00e7 EKG elektrodu yap\u0131\u015ft\u0131r\u0131l\u0131r ve monit\u00f6re ba\u011flan\u0131r. Genel anestezi s\u0131ras\u0131nda, siz uyuduktan sonra sens\u00f6r ve soluma cihaz\u0131ndaki sens\u00f6rlerle nefes al\u0131\u015fveri\u015finiz ve solunumunuz kontrol edilir.<\/p>\n<p>Ameliyat\u0131n sonunda, kendiniz deste\u011fimizle yata\u011f\u0131n\u0131za veya ge\u00e7ici yata\u011f\u0131n\u0131za gidebilirsiniz. Ameliyat sonras\u0131nda orada bir saat kadar dinlenin.<\/p>\n<h3>Anesteziye (ya da operasyona) haz\u0131rlan\u0131rken dikkat etmeniz gerekenler:<\/h3>\n<p>A. Ameliyat \u00f6ncesi,<\/p>\n<p>B. Ameliyat\u0131n olaca\u011f\u0131 g\u00fcn<\/p>\n<p>ve C. Ameliyattan sonra!<\/p>\n<p><strong>Muayehaneden alaca\u011f\u0131n\u0131z bir soru formunun benzerini bilgisayardan y\u00fckleyebilirsiniz.<\/strong><\/p>\n","protected":false},"excerpt":{"rendered":"<p>Anestezi y\u00f6ntemleri Genel anestezi sizi yar\u0131 uyur bir konuma sokar. Ba\u015fka bir deyi\u015fle, bilincinizi ve \u00f6zellikle de a\u011fr\u0131 hissinizi yok [&hellip;]<\/p>\n","protected":false},"author":2,"featured_media":7506,"parent":7671,"menu_order":3,"comment_status":"closed","ping_status":"closed","template":"page-siblingnavi.php","meta":{"footnotes":""},"class_list":["post-7505","page","type-page","status-publish","has-post-thumbnail","hentry"],"yoast_head":"<!-- This site is optimized with the Yoast SEO plugin v25.6 - https:\/\/yoast.com\/wordpress\/plugins\/seo\/ -->\n<title>Anestezi &#8226; Kinderwunschteam Berlin<\/title>\n<meta name=\"description\" content=\"Anestezi y\u00f6ntemleri Genel anestezi sizi yar\u0131 uyur bir konuma sokar. Ba\u015fka bir deyi\u015fle, bilincinizi ve \u00f6zellikle de a\u011fr\u0131 hissinizi yok eder. Genellikle,\" \/>\n<meta name=\"robots\" content=\"noindex, follow, max-snippet:-1, max-image-preview:large, max-video-preview:-1\" \/>\n<meta property=\"og:locale\" content=\"tr_TR\" \/>\n<meta property=\"og:type\" content=\"article\" \/>\n<meta property=\"og:title\" content=\"Anestezi &#8226; Kinderwunschteam Berlin\" \/>\n<meta property=\"og:description\" content=\"Anestezi y\u00f6ntemleri Genel anestezi sizi yar\u0131 uyur bir konuma sokar. Ba\u015fka bir deyi\u015fle, bilincinizi ve \u00f6zellikle de a\u011fr\u0131 hissinizi yok eder. Genellikle,\" \/>\n<meta property=\"og:url\" content=\"https:\/\/kwt.meiio.net\/tr\/uzun-omur\/tuep-bebek-ve-kisirlik\/tedavi\/anasthesie\" \/>\n<meta property=\"og:site_name\" content=\"Kinderwunschteam Berlin\" \/>\n<meta property=\"article:publisher\" content=\"https:\/\/www.facebook.com\/kinderwunschteam.berlin\/\" \/>\n<meta property=\"article:modified_time\" content=\"2018-10-31T14:49:40+00:00\" \/>\n<meta property=\"og:image\" content=\"https:\/\/kwt.meiio.net\/wp-content\/uploads\/KWT-9529-Anaesthesie.jpg\" \/>\n\t<meta property=\"og:image:width\" content=\"2000\" \/>\n\t<meta property=\"og:image:height\" content=\"670\" \/>\n\t<meta property=\"og:image:type\" content=\"image\/jpeg\" \/>\n<meta name=\"twitter:card\" content=\"summary_large_image\" \/>\n<script type=\"application\/ld+json\" class=\"yoast-schema-graph\">{\"@context\":\"https:\/\/schema.org\",\"@graph\":[{\"@type\":\"WebPage\",\"@id\":\"https:\/\/kwt.meiio.net\/tr\/uzun-omur\/tuep-bebek-ve-kisirlik\/tedavi\/anasthesie\",\"url\":\"https:\/\/kwt.meiio.net\/tr\/uzun-omur\/tuep-bebek-ve-kisirlik\/tedavi\/anasthesie\",\"name\":\"Anestezi &#8226; Kinderwunschteam Berlin\",\"isPartOf\":{\"@id\":\"https:\/\/kwt.meiio.net\/tr#website\"},\"primaryImageOfPage\":{\"@id\":\"https:\/\/kwt.meiio.net\/tr\/uzun-omur\/tuep-bebek-ve-kisirlik\/tedavi\/anasthesie#primaryimage\"},\"image\":{\"@id\":\"https:\/\/kwt.meiio.net\/tr\/uzun-omur\/tuep-bebek-ve-kisirlik\/tedavi\/anasthesie#primaryimage\"},\"thumbnailUrl\":\"https:\/\/kwt.meiio.net\/wp-content\/uploads\/KWT-9529-Anaesthesie.jpg\",\"datePublished\":\"2010-03-17T07:33:15+00:00\",\"dateModified\":\"2018-10-31T14:49:40+00:00\",\"description\":\"Anestezi y\u00f6ntemleri Genel anestezi sizi yar\u0131 uyur bir konuma sokar. Ba\u015fka bir deyi\u015fle, bilincinizi ve \u00f6zellikle de a\u011fr\u0131 hissinizi yok eder. Genellikle,\",\"breadcrumb\":{\"@id\":\"https:\/\/kwt.meiio.net\/tr\/uzun-omur\/tuep-bebek-ve-kisirlik\/tedavi\/anasthesie#breadcrumb\"},\"inLanguage\":\"tr\",\"potentialAction\":[{\"@type\":\"ReadAction\",\"target\":[\"https:\/\/kwt.meiio.net\/tr\/uzun-omur\/tuep-bebek-ve-kisirlik\/tedavi\/anasthesie\"]}]},{\"@type\":\"ImageObject\",\"inLanguage\":\"tr\",\"@id\":\"https:\/\/kwt.meiio.net\/tr\/uzun-omur\/tuep-bebek-ve-kisirlik\/tedavi\/anasthesie#primaryimage\",\"url\":\"https:\/\/kwt.meiio.net\/wp-content\/uploads\/KWT-9529-Anaesthesie.jpg\",\"contentUrl\":\"https:\/\/kwt.meiio.net\/wp-content\/uploads\/KWT-9529-Anaesthesie.jpg\",\"width\":2000,\"height\":670,\"caption\":\"An\u00e4sthesie\"},{\"@type\":\"BreadcrumbList\",\"@id\":\"https:\/\/kwt.meiio.net\/tr\/uzun-omur\/tuep-bebek-ve-kisirlik\/tedavi\/anasthesie#breadcrumb\",\"itemListElement\":[{\"@type\":\"ListItem\",\"position\":1,\"name\":\"Startseite\",\"item\":\"https:\/\/kwt.meiio.net\/tr\"},{\"@type\":\"ListItem\",\"position\":2,\"name\":\"Hizmet alanlar\u0131m\u0131z\",\"item\":\"https:\/\/kwt.meiio.net\/tr\/uzun-omur\"},{\"@type\":\"ListItem\",\"position\":3,\"name\":\"T\u00fcp bebek ve k\u0131s\u0131rl\u0131k\",\"item\":\"https:\/\/kwt.meiio.net\/tr\/uzun-omur\/tuep-bebek-ve-kisirlik\"},{\"@type\":\"ListItem\",\"position\":4,\"name\":\"Tedavi\",\"item\":\"https:\/\/kwt.meiio.net\/tr\/uzun-omur\/tuep-bebek-ve-kisirlik\/tedavi\"},{\"@type\":\"ListItem\",\"position\":5,\"name\":\"Anestezi\"}]},{\"@type\":\"WebSite\",\"@id\":\"https:\/\/kwt.meiio.net\/tr#website\",\"url\":\"https:\/\/kwt.meiio.net\/tr\",\"name\":\"Kinderwunschteam Berlin\",\"description\":\"Kinderwunsch- und Endometriose-Zentrum\",\"publisher\":{\"@id\":\"https:\/\/kwt.meiio.net\/tr#organization\"},\"potentialAction\":[{\"@type\":\"SearchAction\",\"target\":{\"@type\":\"EntryPoint\",\"urlTemplate\":\"https:\/\/kwt.meiio.net\/tr?s={search_term_string}\"},\"query-input\":{\"@type\":\"PropertyValueSpecification\",\"valueRequired\":true,\"valueName\":\"search_term_string\"}}],\"inLanguage\":\"tr\"},{\"@type\":\"Organization\",\"@id\":\"https:\/\/kwt.meiio.net\/tr#organization\",\"name\":\"Kinderwunschteam Berlin\",\"url\":\"https:\/\/kwt.meiio.net\/tr\",\"logo\":{\"@type\":\"ImageObject\",\"inLanguage\":\"tr\",\"@id\":\"https:\/\/kwt.meiio.net\/tr#\/schema\/logo\/image\/\",\"url\":\"https:\/\/kwt.meiio.net\/wp-content\/uploads\/Logo-KinderwunschteamBerlin-NavBar@2.png\",\"contentUrl\":\"https:\/\/kwt.meiio.net\/wp-content\/uploads\/Logo-KinderwunschteamBerlin-NavBar@2.png\",\"width\":800,\"height\":200,\"caption\":\"Kinderwunschteam Berlin\"},\"image\":{\"@id\":\"https:\/\/kwt.meiio.net\/tr#\/schema\/logo\/image\/\"},\"sameAs\":[\"https:\/\/www.facebook.com\/kinderwunschteam.berlin\/\",\"https:\/\/www.instagram.com\/kinderwunschteamberlin\/\"]}]}<\/script>\n<!-- \/ Yoast SEO plugin. -->","yoast_head_json":{"title":"Anestezi &#8226; Kinderwunschteam Berlin","description":"Anestezi y\u00f6ntemleri Genel anestezi sizi yar\u0131 uyur bir konuma sokar. Ba\u015fka bir deyi\u015fle, bilincinizi ve \u00f6zellikle de a\u011fr\u0131 hissinizi yok eder. Genellikle,","robots":{"index":"noindex","follow":"follow","max-snippet":"max-snippet:-1","max-image-preview":"max-image-preview:large","max-video-preview":"max-video-preview:-1"},"og_locale":"tr_TR","og_type":"article","og_title":"Anestezi &#8226; Kinderwunschteam Berlin","og_description":"Anestezi y\u00f6ntemleri Genel anestezi sizi yar\u0131 uyur bir konuma sokar. Ba\u015fka bir deyi\u015fle, bilincinizi ve \u00f6zellikle de a\u011fr\u0131 hissinizi yok eder. Genellikle,","og_url":"https:\/\/kwt.meiio.net\/tr\/uzun-omur\/tuep-bebek-ve-kisirlik\/tedavi\/anasthesie","og_site_name":"Kinderwunschteam Berlin","article_publisher":"https:\/\/www.facebook.com\/kinderwunschteam.berlin\/","article_modified_time":"2018-10-31T14:49:40+00:00","og_image":[{"width":2000,"height":670,"url":"https:\/\/kwt.meiio.net\/wp-content\/uploads\/KWT-9529-Anaesthesie.jpg","type":"image\/jpeg"}],"twitter_card":"summary_large_image","schema":{"@context":"https:\/\/schema.org","@graph":[{"@type":"WebPage","@id":"https:\/\/kwt.meiio.net\/tr\/uzun-omur\/tuep-bebek-ve-kisirlik\/tedavi\/anasthesie","url":"https:\/\/kwt.meiio.net\/tr\/uzun-omur\/tuep-bebek-ve-kisirlik\/tedavi\/anasthesie","name":"Anestezi &#8226; Kinderwunschteam Berlin","isPartOf":{"@id":"https:\/\/kwt.meiio.net\/tr#website"},"primaryImageOfPage":{"@id":"https:\/\/kwt.meiio.net\/tr\/uzun-omur\/tuep-bebek-ve-kisirlik\/tedavi\/anasthesie#primaryimage"},"image":{"@id":"https:\/\/kwt.meiio.net\/tr\/uzun-omur\/tuep-bebek-ve-kisirlik\/tedavi\/anasthesie#primaryimage"},"thumbnailUrl":"https:\/\/kwt.meiio.net\/wp-content\/uploads\/KWT-9529-Anaesthesie.jpg","datePublished":"2010-03-17T07:33:15+00:00","dateModified":"2018-10-31T14:49:40+00:00","description":"Anestezi y\u00f6ntemleri Genel anestezi sizi yar\u0131 uyur bir konuma sokar. Ba\u015fka bir deyi\u015fle, bilincinizi ve \u00f6zellikle de a\u011fr\u0131 hissinizi yok eder. Genellikle,","breadcrumb":{"@id":"https:\/\/kwt.meiio.net\/tr\/uzun-omur\/tuep-bebek-ve-kisirlik\/tedavi\/anasthesie#breadcrumb"},"inLanguage":"tr","potentialAction":[{"@type":"ReadAction","target":["https:\/\/kwt.meiio.net\/tr\/uzun-omur\/tuep-bebek-ve-kisirlik\/tedavi\/anasthesie"]}]},{"@type":"ImageObject","inLanguage":"tr","@id":"https:\/\/kwt.meiio.net\/tr\/uzun-omur\/tuep-bebek-ve-kisirlik\/tedavi\/anasthesie#primaryimage","url":"https:\/\/kwt.meiio.net\/wp-content\/uploads\/KWT-9529-Anaesthesie.jpg","contentUrl":"https:\/\/kwt.meiio.net\/wp-content\/uploads\/KWT-9529-Anaesthesie.jpg","width":2000,"height":670,"caption":"An\u00e4sthesie"},{"@type":"BreadcrumbList","@id":"https:\/\/kwt.meiio.net\/tr\/uzun-omur\/tuep-bebek-ve-kisirlik\/tedavi\/anasthesie#breadcrumb","itemListElement":[{"@type":"ListItem","position":1,"name":"Startseite","item":"https:\/\/kwt.meiio.net\/tr"},{"@type":"ListItem","position":2,"name":"Hizmet alanlar\u0131m\u0131z","item":"https:\/\/kwt.meiio.net\/tr\/uzun-omur"},{"@type":"ListItem","position":3,"name":"T\u00fcp bebek ve k\u0131s\u0131rl\u0131k","item":"https:\/\/kwt.meiio.net\/tr\/uzun-omur\/tuep-bebek-ve-kisirlik"},{"@type":"ListItem","position":4,"name":"Tedavi","item":"https:\/\/kwt.meiio.net\/tr\/uzun-omur\/tuep-bebek-ve-kisirlik\/tedavi"},{"@type":"ListItem","position":5,"name":"Anestezi"}]},{"@type":"WebSite","@id":"https:\/\/kwt.meiio.net\/tr#website","url":"https:\/\/kwt.meiio.net\/tr","name":"Kinderwunschteam Berlin","description":"Kinderwunsch- und Endometriose-Zentrum","publisher":{"@id":"https:\/\/kwt.meiio.net\/tr#organization"},"potentialAction":[{"@type":"SearchAction","target":{"@type":"EntryPoint","urlTemplate":"https:\/\/kwt.meiio.net\/tr?s={search_term_string}"},"query-input":{"@type":"PropertyValueSpecification","valueRequired":true,"valueName":"search_term_string"}}],"inLanguage":"tr"},{"@type":"Organization","@id":"https:\/\/kwt.meiio.net\/tr#organization","name":"Kinderwunschteam Berlin","url":"https:\/\/kwt.meiio.net\/tr","logo":{"@type":"ImageObject","inLanguage":"tr","@id":"https:\/\/kwt.meiio.net\/tr#\/schema\/logo\/image\/","url":"https:\/\/kwt.meiio.net\/wp-content\/uploads\/Logo-KinderwunschteamBerlin-NavBar@2.png","contentUrl":"https:\/\/kwt.meiio.net\/wp-content\/uploads\/Logo-KinderwunschteamBerlin-NavBar@2.png","width":800,"height":200,"caption":"Kinderwunschteam Berlin"},"image":{"@id":"https:\/\/kwt.meiio.net\/tr#\/schema\/logo\/image\/"},"sameAs":["https:\/\/www.facebook.com\/kinderwunschteam.berlin\/","https:\/\/www.instagram.com\/kinderwunschteamberlin\/"]}]}},"_links":{"self":[{"href":"https:\/\/kwt.meiio.net\/tr\/wp-json\/wp\/v2\/pages\/7505","targetHints":{"allow":["GET"]}}],"collection":[{"href":"https:\/\/kwt.meiio.net\/tr\/wp-json\/wp\/v2\/pages"}],"about":[{"href":"https:\/\/kwt.meiio.net\/tr\/wp-json\/wp\/v2\/types\/page"}],"author":[{"embeddable":true,"href":"https:\/\/kwt.meiio.net\/tr\/wp-json\/wp\/v2\/users\/2"}],"replies":[{"embeddable":true,"href":"https:\/\/kwt.meiio.net\/tr\/wp-json\/wp\/v2\/comments?post=7505"}],"version-history":[{"count":0,"href":"https:\/\/kwt.meiio.net\/tr\/wp-json\/wp\/v2\/pages\/7505\/revisions"}],"up":[{"embeddable":true,"href":"https:\/\/kwt.meiio.net\/tr\/wp-json\/wp\/v2\/pages\/7671"}],"wp:featuredmedia":[{"embeddable":true,"href":"https:\/\/kwt.meiio.net\/tr\/wp-json\/wp\/v2\/media\/7506"}],"wp:attachment":[{"href":"https:\/\/kwt.meiio.net\/tr\/wp-json\/wp\/v2\/media?parent=7505"}],"curies":[{"name":"wp","href":"https:\/\/api.w.org\/{rel}","templated":true}]}}