{"id":7487,"date":"2010-03-08T06:07:50","date_gmt":"2010-03-08T05:07:50","guid":{"rendered":"https:\/\/www.kinderwunschteam.berlin\/?page_id=7487"},"modified":"2020-09-11T22:09:41","modified_gmt":"2020-09-11T20:09:41","slug":"tuep-bebek-ve-kisirlik","status":"publish","type":"page","link":"https:\/\/kwt.meiio.net\/tr\/uzun-omur\/tuep-bebek-ve-kisirlik","title":{"rendered":"T\u00fcp bebek ve k\u0131s\u0131rl\u0131k"},"content":{"rendered":"<p>Genel kabul edilmi\u015f tan\u0131mlamalara g\u00f6re, e\u011fer bir \u00e7ift 1 y\u0131l boyunca d\u00fczenli bir \u015fekilde cinsel ili\u015fkiye girmesine ra\u011fmen kad\u0131n gebe kalm\u0131yorsa, burada k\u0131s\u0131rl\u0131k s\u00f6z konusudur. Ancak k\u0131s\u0131rl\u0131\u011fa yol a\u00e7an fakt\u00f6rler bilinmekte veya tahmin edilmekteyse t\u0131bbi yard\u0131m almak i\u00e7in bu s\u00fcrenin beklenmesi gerekmemektedir. Bu fakt\u00f6rlere \u00f6rnek olarak regl d\u00fczensizlikleri, ge\u00e7irilmi\u015f genital enfeksiyonlar ve ameliyatlar verilebilir.<\/p>\n<p>Ortada b\u00f6yle fakt\u00f6rler varsa, \u00e7o\u011funlukla basit bir tan\u0131 ve bir o kadar da basit ve hafif bir tedavi hedefe ula\u015fman\u0131z\u0131, yani gebe kalman\u0131z\u0131 sa\u011flayacakt\u0131r.<\/p>\n<p>Bize dan\u0131\u015f\u0131n demek, hemen bir tedavi girdab\u0131nda kaybolaca\u011f\u0131n\u0131z anlam\u0131na gelmez. Daha uzun s\u00fcrecek olsa bile, yapay d\u00f6llenme gibi \u201cm\u00fcdahale gerektiren\u201c invazif tedaviler yerine, size bu yolu a\u00e7acak daha kolay tedavi y\u00f6ntemleri de var.<\/p>\n<p>Hangi tedavinin sizi hedefe ula\u015ft\u0131raca\u011f\u0131na ve hangisinde bizim yard\u0131m\u0131m\u0131za ihtiyac\u0131n\u0131z oldu\u011funa ve bu yard\u0131m\u0131 al\u0131p almayaca\u011f\u0131n\u0131za siz karar verirsiniz Burada d\u00fc\u015f\u00fcn\u00fclmesi gereken, e\u011fer sigortan\u0131z ve bu tedaviye dahil olacak olan di\u011fer sigortal\u0131lar s\u00f6z konusuysa, s\u00f6z konusu tedavinin\u00a0<strong>anlaml\u0131 ve ba\u015far\u0131 vaad ediyor<\/strong>\u00a0olmas\u0131d\u0131r.<\/p>\n<p>Tavsiyeyi biz verir, tedaviyi biz \u00f6nerir, tedavinin fayda ve yararlar\u0131n\u0131 biz a\u00e7\u0131klar\u0131z. Ne yap\u0131laca\u011f\u0131na ise\u00a0<strong>siz<\/strong>\u00a0karar verirsiniz!<\/p>\n","protected":false},"excerpt":{"rendered":"<p>Genel kabul edilmi\u015f tan\u0131mlamalara g\u00f6re, e\u011fer bir \u00e7ift 1 y\u0131l boyunca d\u00fczenli bir \u015fekilde cinsel ili\u015fkiye girmesine ra\u011fmen kad\u0131n gebe [&hellip;]<\/p>\n","protected":false},"author":2,"featured_media":7488,"parent":7498,"menu_order":0,"comment_status":"closed","ping_status":"closed","template":"page-subnavi.php","meta":{"footnotes":""},"class_list":["post-7487","page","type-page","status-publish","has-post-thumbnail","hentry","page_category-startseitenteaser-tr"],"yoast_head":"<!-- This site is optimized with the Yoast SEO plugin v25.6 - https:\/\/yoast.com\/wordpress\/plugins\/seo\/ -->\n<title>T\u00fcp bebek ve k\u0131s\u0131rl\u0131k &#8226; Kinderwunschteam Berlin<\/title>\n<meta name=\"description\" content=\"Genel kabul edilmi\u015f tan\u0131mlamalara g\u00f6re, e\u011fer bir \u00e7ift 1 y\u0131l boyunca d\u00fczenli bir \u015fekilde cinsel ili\u015fkiye girmesine ra\u011fmen kad\u0131n gebe kalm\u0131yorsa, burada\" \/>\n<meta name=\"robots\" content=\"noindex, follow, max-snippet:-1, max-image-preview:large, max-video-preview:-1\" \/>\n<meta property=\"og:locale\" content=\"tr_TR\" \/>\n<meta property=\"og:type\" content=\"article\" \/>\n<meta property=\"og:title\" content=\"T\u00fcp bebek ve k\u0131s\u0131rl\u0131k &#8226; Kinderwunschteam Berlin\" \/>\n<meta property=\"og:description\" content=\"Genel kabul edilmi\u015f tan\u0131mlamalara g\u00f6re, e\u011fer bir \u00e7ift 1 y\u0131l boyunca d\u00fczenli bir \u015fekilde cinsel ili\u015fkiye girmesine ra\u011fmen kad\u0131n gebe kalm\u0131yorsa, burada\" \/>\n<meta property=\"og:url\" content=\"https:\/\/kwt.meiio.net\/tr\/uzun-omur\/tuep-bebek-ve-kisirlik\" \/>\n<meta property=\"og:site_name\" content=\"Kinderwunschteam Berlin\" \/>\n<meta property=\"article:publisher\" content=\"https:\/\/www.facebook.com\/kinderwunschteam.berlin\/\" \/>\n<meta property=\"article:modified_time\" content=\"2020-09-11T20:09:41+00:00\" \/>\n<meta property=\"og:image\" content=\"https:\/\/kwt.meiio.net\/wp-content\/uploads\/KWT-8168-Storch.jpg\" \/>\n\t<meta property=\"og:image:width\" content=\"2000\" \/>\n\t<meta property=\"og:image:height\" content=\"670\" \/>\n\t<meta property=\"og:image:type\" content=\"image\/jpeg\" \/>\n<meta name=\"twitter:card\" content=\"summary_large_image\" \/>\n<script type=\"application\/ld+json\" class=\"yoast-schema-graph\">{\"@context\":\"https:\/\/schema.org\",\"@graph\":[{\"@type\":\"WebPage\",\"@id\":\"https:\/\/kwt.meiio.net\/tr\/uzun-omur\/tuep-bebek-ve-kisirlik\",\"url\":\"https:\/\/kwt.meiio.net\/tr\/uzun-omur\/tuep-bebek-ve-kisirlik\",\"name\":\"T\u00fcp bebek ve k\u0131s\u0131rl\u0131k &#8226; Kinderwunschteam Berlin\",\"isPartOf\":{\"@id\":\"https:\/\/kwt.meiio.net\/tr#website\"},\"primaryImageOfPage\":{\"@id\":\"https:\/\/kwt.meiio.net\/tr\/uzun-omur\/tuep-bebek-ve-kisirlik#primaryimage\"},\"image\":{\"@id\":\"https:\/\/kwt.meiio.net\/tr\/uzun-omur\/tuep-bebek-ve-kisirlik#primaryimage\"},\"thumbnailUrl\":\"https:\/\/kwt.meiio.net\/wp-content\/uploads\/KWT-8168-Storch.jpg\",\"datePublished\":\"2010-03-08T05:07:50+00:00\",\"dateModified\":\"2020-09-11T20:09:41+00:00\",\"description\":\"Genel kabul edilmi\u015f tan\u0131mlamalara g\u00f6re, e\u011fer bir \u00e7ift 1 y\u0131l boyunca d\u00fczenli bir \u015fekilde cinsel ili\u015fkiye girmesine ra\u011fmen kad\u0131n gebe kalm\u0131yorsa, burada\",\"breadcrumb\":{\"@id\":\"https:\/\/kwt.meiio.net\/tr\/uzun-omur\/tuep-bebek-ve-kisirlik#breadcrumb\"},\"inLanguage\":\"tr\",\"potentialAction\":[{\"@type\":\"ReadAction\",\"target\":[\"https:\/\/kwt.meiio.net\/tr\/uzun-omur\/tuep-bebek-ve-kisirlik\"]}]},{\"@type\":\"ImageObject\",\"inLanguage\":\"tr\",\"@id\":\"https:\/\/kwt.meiio.net\/tr\/uzun-omur\/tuep-bebek-ve-kisirlik#primaryimage\",\"url\":\"https:\/\/kwt.meiio.net\/wp-content\/uploads\/KWT-8168-Storch.jpg\",\"contentUrl\":\"https:\/\/kwt.meiio.net\/wp-content\/uploads\/KWT-8168-Storch.jpg\",\"width\":2000,\"height\":670},{\"@type\":\"BreadcrumbList\",\"@id\":\"https:\/\/kwt.meiio.net\/tr\/uzun-omur\/tuep-bebek-ve-kisirlik#breadcrumb\",\"itemListElement\":[{\"@type\":\"ListItem\",\"position\":1,\"name\":\"Startseite\",\"item\":\"https:\/\/kwt.meiio.net\/tr\"},{\"@type\":\"ListItem\",\"position\":2,\"name\":\"Hizmet alanlar\u0131m\u0131z\",\"item\":\"https:\/\/kwt.meiio.net\/tr\/uzun-omur\"},{\"@type\":\"ListItem\",\"position\":3,\"name\":\"T\u00fcp bebek ve k\u0131s\u0131rl\u0131k\"}]},{\"@type\":\"WebSite\",\"@id\":\"https:\/\/kwt.meiio.net\/tr#website\",\"url\":\"https:\/\/kwt.meiio.net\/tr\",\"name\":\"Kinderwunschteam Berlin\",\"description\":\"Kinderwunsch- und Endometriose-Zentrum\",\"publisher\":{\"@id\":\"https:\/\/kwt.meiio.net\/tr#organization\"},\"potentialAction\":[{\"@type\":\"SearchAction\",\"target\":{\"@type\":\"EntryPoint\",\"urlTemplate\":\"https:\/\/kwt.meiio.net\/tr?s={search_term_string}\"},\"query-input\":{\"@type\":\"PropertyValueSpecification\",\"valueRequired\":true,\"valueName\":\"search_term_string\"}}],\"inLanguage\":\"tr\"},{\"@type\":\"Organization\",\"@id\":\"https:\/\/kwt.meiio.net\/tr#organization\",\"name\":\"Kinderwunschteam Berlin\",\"url\":\"https:\/\/kwt.meiio.net\/tr\",\"logo\":{\"@type\":\"ImageObject\",\"inLanguage\":\"tr\",\"@id\":\"https:\/\/kwt.meiio.net\/tr#\/schema\/logo\/image\/\",\"url\":\"https:\/\/kwt.meiio.net\/wp-content\/uploads\/Logo-KinderwunschteamBerlin-NavBar@2.png\",\"contentUrl\":\"https:\/\/kwt.meiio.net\/wp-content\/uploads\/Logo-KinderwunschteamBerlin-NavBar@2.png\",\"width\":800,\"height\":200,\"caption\":\"Kinderwunschteam Berlin\"},\"image\":{\"@id\":\"https:\/\/kwt.meiio.net\/tr#\/schema\/logo\/image\/\"},\"sameAs\":[\"https:\/\/www.facebook.com\/kinderwunschteam.berlin\/\",\"https:\/\/www.instagram.com\/kinderwunschteamberlin\/\"]}]}<\/script>\n<!-- \/ Yoast SEO plugin. -->","yoast_head_json":{"title":"T\u00fcp bebek ve k\u0131s\u0131rl\u0131k &#8226; Kinderwunschteam Berlin","description":"Genel kabul edilmi\u015f tan\u0131mlamalara g\u00f6re, e\u011fer bir \u00e7ift 1 y\u0131l boyunca d\u00fczenli bir \u015fekilde cinsel ili\u015fkiye girmesine ra\u011fmen kad\u0131n gebe kalm\u0131yorsa, burada","robots":{"index":"noindex","follow":"follow","max-snippet":"max-snippet:-1","max-image-preview":"max-image-preview:large","max-video-preview":"max-video-preview:-1"},"og_locale":"tr_TR","og_type":"article","og_title":"T\u00fcp bebek ve k\u0131s\u0131rl\u0131k &#8226; Kinderwunschteam Berlin","og_description":"Genel kabul edilmi\u015f tan\u0131mlamalara g\u00f6re, e\u011fer bir \u00e7ift 1 y\u0131l boyunca d\u00fczenli bir \u015fekilde cinsel ili\u015fkiye girmesine ra\u011fmen kad\u0131n gebe kalm\u0131yorsa, burada","og_url":"https:\/\/kwt.meiio.net\/tr\/uzun-omur\/tuep-bebek-ve-kisirlik","og_site_name":"Kinderwunschteam Berlin","article_publisher":"https:\/\/www.facebook.com\/kinderwunschteam.berlin\/","article_modified_time":"2020-09-11T20:09:41+00:00","og_image":[{"width":2000,"height":670,"url":"https:\/\/kwt.meiio.net\/wp-content\/uploads\/KWT-8168-Storch.jpg","type":"image\/jpeg"}],"twitter_card":"summary_large_image","schema":{"@context":"https:\/\/schema.org","@graph":[{"@type":"WebPage","@id":"https:\/\/kwt.meiio.net\/tr\/uzun-omur\/tuep-bebek-ve-kisirlik","url":"https:\/\/kwt.meiio.net\/tr\/uzun-omur\/tuep-bebek-ve-kisirlik","name":"T\u00fcp bebek ve k\u0131s\u0131rl\u0131k &#8226; Kinderwunschteam Berlin","isPartOf":{"@id":"https:\/\/kwt.meiio.net\/tr#website"},"primaryImageOfPage":{"@id":"https:\/\/kwt.meiio.net\/tr\/uzun-omur\/tuep-bebek-ve-kisirlik#primaryimage"},"image":{"@id":"https:\/\/kwt.meiio.net\/tr\/uzun-omur\/tuep-bebek-ve-kisirlik#primaryimage"},"thumbnailUrl":"https:\/\/kwt.meiio.net\/wp-content\/uploads\/KWT-8168-Storch.jpg","datePublished":"2010-03-08T05:07:50+00:00","dateModified":"2020-09-11T20:09:41+00:00","description":"Genel kabul edilmi\u015f tan\u0131mlamalara g\u00f6re, e\u011fer bir \u00e7ift 1 y\u0131l boyunca d\u00fczenli bir \u015fekilde cinsel ili\u015fkiye girmesine ra\u011fmen kad\u0131n gebe kalm\u0131yorsa, burada","breadcrumb":{"@id":"https:\/\/kwt.meiio.net\/tr\/uzun-omur\/tuep-bebek-ve-kisirlik#breadcrumb"},"inLanguage":"tr","potentialAction":[{"@type":"ReadAction","target":["https:\/\/kwt.meiio.net\/tr\/uzun-omur\/tuep-bebek-ve-kisirlik"]}]},{"@type":"ImageObject","inLanguage":"tr","@id":"https:\/\/kwt.meiio.net\/tr\/uzun-omur\/tuep-bebek-ve-kisirlik#primaryimage","url":"https:\/\/kwt.meiio.net\/wp-content\/uploads\/KWT-8168-Storch.jpg","contentUrl":"https:\/\/kwt.meiio.net\/wp-content\/uploads\/KWT-8168-Storch.jpg","width":2000,"height":670},{"@type":"BreadcrumbList","@id":"https:\/\/kwt.meiio.net\/tr\/uzun-omur\/tuep-bebek-ve-kisirlik#breadcrumb","itemListElement":[{"@type":"ListItem","position":1,"name":"Startseite","item":"https:\/\/kwt.meiio.net\/tr"},{"@type":"ListItem","position":2,"name":"Hizmet alanlar\u0131m\u0131z","item":"https:\/\/kwt.meiio.net\/tr\/uzun-omur"},{"@type":"ListItem","position":3,"name":"T\u00fcp bebek ve k\u0131s\u0131rl\u0131k"}]},{"@type":"WebSite","@id":"https:\/\/kwt.meiio.net\/tr#website","url":"https:\/\/kwt.meiio.net\/tr","name":"Kinderwunschteam Berlin","description":"Kinderwunsch- und Endometriose-Zentrum","publisher":{"@id":"https:\/\/kwt.meiio.net\/tr#organization"},"potentialAction":[{"@type":"SearchAction","target":{"@type":"EntryPoint","urlTemplate":"https:\/\/kwt.meiio.net\/tr?s={search_term_string}"},"query-input":{"@type":"PropertyValueSpecification","valueRequired":true,"valueName":"search_term_string"}}],"inLanguage":"tr"},{"@type":"Organization","@id":"https:\/\/kwt.meiio.net\/tr#organization","name":"Kinderwunschteam Berlin","url":"https:\/\/kwt.meiio.net\/tr","logo":{"@type":"ImageObject","inLanguage":"tr","@id":"https:\/\/kwt.meiio.net\/tr#\/schema\/logo\/image\/","url":"https:\/\/kwt.meiio.net\/wp-content\/uploads\/Logo-KinderwunschteamBerlin-NavBar@2.png","contentUrl":"https:\/\/kwt.meiio.net\/wp-content\/uploads\/Logo-KinderwunschteamBerlin-NavBar@2.png","width":800,"height":200,"caption":"Kinderwunschteam Berlin"},"image":{"@id":"https:\/\/kwt.meiio.net\/tr#\/schema\/logo\/image\/"},"sameAs":["https:\/\/www.facebook.com\/kinderwunschteam.berlin\/","https:\/\/www.instagram.com\/kinderwunschteamberlin\/"]}]}},"_links":{"self":[{"href":"https:\/\/kwt.meiio.net\/tr\/wp-json\/wp\/v2\/pages\/7487","targetHints":{"allow":["GET"]}}],"collection":[{"href":"https:\/\/kwt.meiio.net\/tr\/wp-json\/wp\/v2\/pages"}],"about":[{"href":"https:\/\/kwt.meiio.net\/tr\/wp-json\/wp\/v2\/types\/page"}],"author":[{"embeddable":true,"href":"https:\/\/kwt.meiio.net\/tr\/wp-json\/wp\/v2\/users\/2"}],"replies":[{"embeddable":true,"href":"https:\/\/kwt.meiio.net\/tr\/wp-json\/wp\/v2\/comments?post=7487"}],"version-history":[{"count":0,"href":"https:\/\/kwt.meiio.net\/tr\/wp-json\/wp\/v2\/pages\/7487\/revisions"}],"up":[{"embeddable":true,"href":"https:\/\/kwt.meiio.net\/tr\/wp-json\/wp\/v2\/pages\/7498"}],"wp:featuredmedia":[{"embeddable":true,"href":"https:\/\/kwt.meiio.net\/tr\/wp-json\/wp\/v2\/media\/7488"}],"wp:attachment":[{"href":"https:\/\/kwt.meiio.net\/tr\/wp-json\/wp\/v2\/media?parent=7487"}],"curies":[{"name":"wp","href":"https:\/\/api.w.org\/{rel}","templated":true}]}}